{"id":121,"date":"2024-12-09T12:33:51","date_gmt":"2024-12-09T12:33:51","guid":{"rendered":"https:\/\/enamoradosdelavida.com\/?page_id=121"},"modified":"2024-12-09T12:33:51","modified_gmt":"2024-12-09T12:33:51","slug":"politicas-de-cookies","status":"publish","type":"page","link":"https:\/\/enamoradosdelavida.com\/?page_id=121","title":{"rendered":"Pol\u00edticas de cookies"},"content":{"rendered":"\n<p><strong>Canro agencia SL en adelante enamoradosdelavida.com,\u00a0<\/strong>\u00a0informa acerca del uso de las cookies en su p\u00e1gina web.<\/p>\n\n\n\n<p><strong>\u00bfQu\u00e9 son las cookies?<\/strong><\/p>\n\n\n\n<p>Las cookies son archivos que se pueden descargar en su equipo a trav\u00e9s de las p\u00e1ginas<br>web. Son herramientas que tienen un papel esencial para la prestaci\u00f3n de numerosos<br>servicios de la sociedad de la informaci\u00f3n. Entre otros, permiten a una p\u00e1gina web<br>almacenar y recuperar informaci\u00f3n sobre los h\u00e1bitos de navegaci\u00f3n de un usuario o de<br>su equipo y, dependiendo de la informaci\u00f3n obtenida, se pueden utilizar para<br>reconocer al usuario y mejorar el servicio ofrecido.<\/p>\n\n\n\n<p><strong>Tipos de cookies:<\/strong><br>Seg\u00fan quien sea la entidad que gestione el dominio desde donde se env\u00edan las cookies<br>y trate los datos que se obtengan se pueden distinguir dos tipos:<br>\uf0b7&nbsp;<strong>Cookies propias<\/strong>: aqu\u00e9llas que se env\u00edan al equipo terminal del usuario desde un<br>equipo o dominio gestionado por el propio editor y desde el que se presta el<br>servicio solicitado por el usuario.<br>\uf0b7&nbsp;<strong>Cookies de terceros<\/strong>: aqu\u00e9llas que se env\u00edan al equipo terminal del usuario<br>desde un equipo o dominio que no es gestionado por el editor, sino por otra<br>entidad que trata los datos obtenidos trav\u00e9s de las cookies.<br>En el caso de que las cookies sean instaladas desde un equipo o dominio gestionado<br>por el propio editor pero la informaci\u00f3n que se recoja mediante \u00e9stas sea gestionada<br>por un tercero, no pueden ser consideradas como cookies propias.<br>Existe tambi\u00e9n una segunda clasificaci\u00f3n seg\u00fan el plazo de tiempo que permanecen<br>almacenadas en el navegador del cliente, pudiendo tratarse de:<br>\uf0b7&nbsp;<strong>Cookies de sesi\u00f3n<\/strong>: dise\u00f1adas para recabar y almacenar datos mientras el<br>usuario accede a una p\u00e1gina web. Se suelen emplear para almacenar<br>informaci\u00f3n que solo interesa conservar para la prestaci\u00f3n del servicio<br>solicitado por el usuario en una sola ocasi\u00f3n (p.e. una lista de productos<br>adquiridos)<br>\uf0b7&nbsp;<strong>Cookies persistentes<\/strong>: los datos siguen almacenados en el terminal y pueden ser<br>accedidos y tratados durante un periodo definido por el responsable de la<br>cookie, y que puede ir de unos minutos a varios a\u00f1os.<br>Por \u00faltimo, existe otra clasificaci\u00f3n seg\u00fan la finalidad para la que se traten los datos<br>obtenidos:<br>\uf0b7&nbsp;<strong>Cookies t\u00e9cnicas<\/strong>: aquellas que permiten al usuario la navegaci\u00f3n a trav\u00e9s de<br>una p\u00e1gina web, plataforma o aplicaci\u00f3n y la utilizaci\u00f3n de las diferentes<br>opciones o servicios que en ella existan como, por ejemplo, controlar el tr\u00e1fico y<br>la comunicaci\u00f3n de datos, identificar la sesi\u00f3n, acceder a partes de acceso<br>restringido, recordar los elementos que integran un pedido, realizar el proceso<br>de compra de un pedido, realizar la solicitud de inscripci\u00f3n o participaci\u00f3n en<br>un evento, utilizar elementos de seguridad durante la navegaci\u00f3n, almacenar<br>contenidos para la difusi\u00f3n de v\u00eddeos o sonido o compartir contenidos a trav\u00e9s<br>de redes sociales.<br>\uf0b7&nbsp;<strong>Cookies de personalizaci\u00f3n<\/strong>: permiten al usuario acceder al servicio con algunas<br>caracter\u00edsticas de car\u00e1cter general predefinidas en funci\u00f3n de una serie de<br>criterios en el terminal del usuario como por ejemplo serian el idioma, el tipo de<br>navegador a trav\u00e9s del cual accede al servicio, la configuraci\u00f3n regional desde<br>donde accede al servicio, etc.<br>\uf0b7&nbsp;<strong>Cookies de an\u00e1lisis<\/strong>: permiten al responsable de las mismas, el seguimiento y<br>an\u00e1lisis del comportamiento de los usuarios de los sitios web a los que est\u00e1n<br>vinculadas. La informaci\u00f3n recogida mediante este tipo de cookies se utiliza en<br>la medici\u00f3n de la actividad de los sitios web, aplicaci\u00f3n o plataforma y para la<br>elaboraci\u00f3n de perfiles de navegaci\u00f3n de los usuarios de dichos sitios,<br>aplicaciones y plataformas, con el fin de introducir mejoras en funci\u00f3n del<br>an\u00e1lisis de los datos de uso que hacen los usuarios del servicio.<br>\uf0b7&nbsp;<strong>Cookies publicitarias<\/strong>: permiten la gesti\u00f3n, de la forma m\u00e1s eficaz posible, de los<br>espacios publicitarios.<br>\uf0b7&nbsp;<strong>Cookies de publicidad comportamental<\/strong>: almacenan informaci\u00f3n del<br>comportamiento de los usuarios obtenida a trav\u00e9s de la observaci\u00f3n<br>continuada de sus h\u00e1bitos de navegaci\u00f3n, lo que permite desarrollar un perfil<br>espec\u00edfico para mostrar publicidad en funci\u00f3n del mismo.<br>\uf0b7&nbsp;<strong>Cookies de redes sociales externas<\/strong>: se utilizan para que los visitantes puedan<br>interactuar con el contenido de diferentes plataformas sociales (facebook,<br>youtube, twitter, linkedIn, etc.) y que se generen \u00fanicamente para los usuarios<br>de dichas redes sociales. Las condiciones de utilizaci\u00f3n de estas cookies y la<br>informaci\u00f3n recopilada se regula por la pol\u00edtica de privacidad de la plataforma<br>social correspondiente.<\/p>\n\n\n\n<p><strong>Desactivaci\u00f3n y eliminaci\u00f3n de cookies<\/strong><br>Tienes la opci\u00f3n de permitir, bloquear o eliminar las cookies instaladas en tu equipo<br>mediante la configuraci\u00f3n de las opciones del navegador instalado en su equipo. Al<br>desactivar cookies, algunos de los servicios disponibles podr\u00edan dejar de estar<br>operativos. La forma de deshabilitar las cookies es diferente para cada navegador, pero<br>normalmente puede hacerse desde el men\u00fa Herramientas u Opciones. Tambi\u00e9n puede<br>consultarse el men\u00fa de Ayuda del navegador d\u00f3nde puedes encontrar instrucciones. El<br>usuario podr\u00e1 en cualquier momento elegir qu\u00e9 cookies quiere que funcionen en este<br>sitio web.<br>Puede usted permitir, bloquear o eliminar las cookies instaladas en su equipo mediante<br>la configuraci\u00f3n de las opciones del navegador instalado en su ordenador:<br>\uf0b7&nbsp;<strong>Microsoft Internet Explorer o Microsoft Edge<\/strong>: http:\/\/windows.microsoft.com\/eses\/windows-vista\/Block-or-allow-cookies<br>\uf0b7&nbsp;<strong>Mozilla Firefox:<\/strong>&nbsp;http:\/\/support.mozilla.org\/es\/kb\/impedir-que-los-sitios-webguarden-sus-preferencia<br>\uf0b7&nbsp;<strong>Chrome:<\/strong>&nbsp;https:\/\/support.google.com\/accounts\/answer\/61416?hl=es<br>\uf0b7&nbsp;<strong>Safari:<\/strong>&nbsp;http:\/\/safari.helpmax.net\/es\/privacidad-y-seguridad\/como-gestionar-lascookies\/<br>\uf0b7&nbsp;<strong>Opera:<\/strong>&nbsp;http:\/\/help.opera.com\/Linux\/10.60\/es-ES\/cookies.html<br>Adem\u00e1s, tambi\u00e9n puede gestionar el almac\u00e9n de cookies en su navegador a trav\u00e9s de<br>herramientas como las siguientes:<br>Ghostery<br>Your online choices<\/p>\n\n\n\n<p><strong>Declaraci\u00f3n de cookies utilizadas en esta web:<\/strong><\/p>\n\n\n\n<p>A continuaci\u00f3n se identifican las cookies que est\u00e1n siendo utilizadas en este portal as\u00ed como su tipolog\u00eda y funci\u00f3n:<\/p>\n\n\n\n<p>La p\u00e1gina web de&nbsp;<strong>Agua Kangen Asturias<\/strong>&nbsp;utiliza Google Analytics, un servicio de anal\u00edtica web desarrollada por Google, que permite la medici\u00f3n y an\u00e1lisis de la navegaci\u00f3n en las p\u00e1ginas web. En su navegador podr\u00e1 observar 4 cookies de este servicio. Seg\u00fan la tipolog\u00eda anterior se trata de cookies propias, de sesi\u00f3n y de an\u00e1lisis. Puede encontrar m\u00e1s informaci\u00f3n al respecto e inhabilitar el uso de estas cookies en esta p\u00e1gina.<\/p>\n\n\n\n<p>A trav\u00e9s de la anal\u00edtica web se obtiene informaci\u00f3n relativa al n\u00famero de usuarios que acceden a la web, el n\u00famero de p\u00e1ginas vistas, la frecuencia y repetici\u00f3n de las visitas, su duraci\u00f3n, el navegador utilizado, el operador que presta el servicio, el idioma, el terminal que utiliza, o la ciudad a la que est\u00e1 asignada su direcci\u00f3n IP. Informaci\u00f3n que posibilita un mejor y m\u00e1s apropiado servicio por parte de este portal.<\/p>\n\n\n\n<p>Otra de las cookies que se descargan es una cookie de tipo t\u00e9cnico denominada ASP.NET_SessionId. Esta cookie permite almacenar un identificador \u00fanico por sesi\u00f3n a trav\u00e9s del que es posible vincular datos necesarios para posibilitar la navegaci\u00f3n en curso.<\/p>\n\n\n\n<p>Por \u00faltimo, se descarga una cookie de tipo t\u00e9cnico denominada cookies_policy, propia, de tipo t\u00e9cnico y de sesi\u00f3n. Gestiona el consentimiento del usuario para el uso de las cookies en la p\u00e1gina web, con el objeto de recordar aquellos usuarios que las han aceptado y aquellos que no, de modo que a los primeros no se les muestre informaci\u00f3n en la parte superior de la p\u00e1gina al respecto.<\/p>\n\n\n\n<p><strong>Aceptaci\u00f3n de la Pol\u00edtica de cookies<\/strong><br><strong>Enamoradosdelavida.com<\/strong>\u00a0asume que usted acepta el uso de cookies. No obstante, muestra<br>informaci\u00f3n sobre su Pol\u00edtica de cookies en la parte inferior de cualquier<br>p\u00e1gina del portal con cada inicio de sesi\u00f3n con el objeto de que usted sea consciente<\/p>\n\n\n\n<p>Ante esta informaci\u00f3n es posible llevar a cabo las siguientes acciones:<br>\uf0b7 Aceptar cookies. No se volver\u00e1 a visualizar este aviso al acceder a cualquier<br>p\u00e1gina del portal durante la presente sesi\u00f3n.<br>\uf0b7 Cerrar. Se oculta el aviso en la presente p\u00e1gina.<br>\uf0b7 Modificar su configuraci\u00f3n. Podr\u00e1 obtener m\u00e1s informaci\u00f3n sobre qu\u00e9 son las<br>cookies, conocer la Pol\u00edtica de cookies de&nbsp;Agua Kangen Asturias y modificar la<br>configuraci\u00f3n de su navegador.<\/p>\n","protected":false},"excerpt":{"rendered":"<p>Canro agencia SL en adelante enamoradosdelavida.com,\u00a0\u00a0informa acerca del uso de las cookies en su p\u00e1gina web. \u00bfQu\u00e9 son las cookies? Las cookies son archivos que se pueden descargar en su equipo a trav\u00e9s de las p\u00e1ginasweb. Son herramientas que tienen un papel esencial para la prestaci\u00f3n de numerososservicios de la sociedad de la informaci\u00f3n. Entre [&hellip;]<\/p>\n","protected":false},"author":1,"featured_media":0,"parent":0,"menu_order":0,"comment_status":"closed","ping_status":"closed","template":"","meta":{"_et_pb_use_builder":"off","_et_pb_old_content":"","_et_gb_content_width":"","footnotes":""},"class_list":["post-121","page","type-page","status-publish","hentry"],"_links":{"self":[{"href":"https:\/\/enamoradosdelavida.com\/index.php?rest_route=\/wp\/v2\/pages\/121","targetHints":{"allow":["GET"]}}],"collection":[{"href":"https:\/\/enamoradosdelavida.com\/index.php?rest_route=\/wp\/v2\/pages"}],"about":[{"href":"https:\/\/enamoradosdelavida.com\/index.php?rest_route=\/wp\/v2\/types\/page"}],"author":[{"embeddable":true,"href":"https:\/\/enamoradosdelavida.com\/index.php?rest_route=\/wp\/v2\/users\/1"}],"replies":[{"embeddable":true,"href":"https:\/\/enamoradosdelavida.com\/index.php?rest_route=%2Fwp%2Fv2%2Fcomments&post=121"}],"version-history":[{"count":2,"href":"https:\/\/enamoradosdelavida.com\/index.php?rest_route=\/wp\/v2\/pages\/121\/revisions"}],"predecessor-version":[{"id":123,"href":"https:\/\/enamoradosdelavida.com\/index.php?rest_route=\/wp\/v2\/pages\/121\/revisions\/123"}],"wp:attachment":[{"href":"https:\/\/enamoradosdelavida.com\/index.php?rest_route=%2Fwp%2Fv2%2Fmedia&parent=121"}],"curies":[{"name":"wp","href":"https:\/\/api.w.org\/{rel}","templated":true}]}}