{"id":116,"date":"2024-12-09T12:29:59","date_gmt":"2024-12-09T12:29:59","guid":{"rendered":"https:\/\/enamoradosdelavida.com\/?page_id=116"},"modified":"2024-12-09T12:35:19","modified_gmt":"2024-12-09T12:35:19","slug":"aviso-legal","status":"publish","type":"page","link":"https:\/\/enamoradosdelavida.com\/?page_id=116","title":{"rendered":"Aviso Legal"},"content":{"rendered":"\n<p><strong>Canro Agencia S.L<\/strong>. , provisto con NIF \u00a0<strong>B-09816281<\/strong>, direcci\u00f3n en Plaza Carbay\u00f3n 6 2C | 33001, Oviedo, no puede asumir ninguna responsabilidad derivada del uso incorrecto, inapropiado o il\u00edcito de la informaci\u00f3n aparecida en la p\u00e1gina de Internet de\u00a0enamoradosdelavida.com<\/p>\n\n\n\n<p>Con los l\u00edmites establecidos en la ley <strong>Canro Agencia S.L,<\/strong>\u00a0no asume ninguna responsabilidad.<\/p>\n\n\n\n<p>derivada de la falta de veracidad, integridad, actualizaci\u00f3n y precisi\u00f3n de los datos o informaciones que se contienen en sus p\u00e1ginas de Internet.<\/p>\n\n\n\n<p>Los contenidos e informaci\u00f3n no vinculan a<strong>&nbsp;Canro Agencia S.L.<\/strong>&nbsp;ni constituyen opiniones, consejos o asesoramiento legal de ning\u00fan tipo pues se trata meramente de un servicio ofrecido con car\u00e1cter informativo y divulgativo.<\/p>\n\n\n\n<p>La p\u00e1gina de Internet de&nbsp;www.aguakangenasturias.com puede contener enlaces (links) a otras p\u00e1ginas de terceras partes que&nbsp;<strong>Canro Agencia S.L.<\/strong>&nbsp;no puede controlar. Por lo tanto, la empresa anteriormente mencionada, no puede asumir responsabilidades por el contenido que pueda aparecer en p\u00e1ginas de terceros.<\/p>\n\n\n\n<p>Los textos, im\u00e1genes, sonidos, animaciones, software y el resto de los contenidos incluidos en este website son propiedad exclusiva de&nbsp;<strong>Canro Agencia S.L.<\/strong>. o sus licenciantes. Cualquier acto de transmisi\u00f3n, distribuci\u00f3n, cesi\u00f3n, reproducci\u00f3n, almacenamiento o comunicaci\u00f3n p\u00fablica total o parcial, debe contar con el consentimiento expreso de la propietaria o sus licenciantes.<\/p>\n\n\n\n<p>Asimismo, para acceder a algunos de los servicios que&nbsp;<strong>Canro Agencia S.L.<\/strong>&nbsp;ofrece a trav\u00e9s del website deber\u00e1 proporcionar algunos datos de car\u00e1cter personal. En cumplimiento de lo establecido en el Reglamento (UE) 2016\/679 del Parlamento Europeo y del Consejo, de 27 de abril de 2016, relativo a la protecci\u00f3n de las personas f\u00edsicas en lo que respecta al tratamiento de datos personales y a la libre circulaci\u00f3n de estos datos le informamos que, mediante la cumplimentaci\u00f3n de los presentes formularios, sus datos personales quedar\u00e1n incorporados y ser\u00e1n tratados en los ficheros de&nbsp;<strong>Canro Agencia S.L.<\/strong>&nbsp;con el fin de poderle prestar y ofrecer nuestros servicios as\u00ed como para informarle de las mejoras del sitio Web.<\/p>\n\n\n\n<p>Asimismo, le informamos de la posibilidad de que ejerza los derechos de acceso, rectificaci\u00f3n, cancelaci\u00f3n y oposici\u00f3n de sus datos de car\u00e1cter personal, manera gratuita mediante email a\u00a0<strong>info@quinientosuno.es<\/strong>\u00a0o en la direcci\u00f3n Plaza Carbay\u00f3n 6 2C | 33001, Oviedo.<\/p>\n","protected":false},"excerpt":{"rendered":"<p>Canro Agencia S.L. , provisto con NIF \u00a0B-09816281, direcci\u00f3n en Plaza Carbay\u00f3n 6 2C | 33001, Oviedo, no puede asumir ninguna responsabilidad derivada del uso incorrecto, inapropiado o il\u00edcito de la informaci\u00f3n aparecida en la p\u00e1gina de Internet de\u00a0enamoradosdelavida.com Con los l\u00edmites establecidos en la ley Canro Agencia S.L,\u00a0no asume ninguna responsabilidad. derivada de la [&hellip;]<\/p>\n","protected":false},"author":1,"featured_media":0,"parent":0,"menu_order":0,"comment_status":"closed","ping_status":"closed","template":"","meta":{"_et_pb_use_builder":"off","_et_pb_old_content":"","_et_gb_content_width":"","footnotes":""},"class_list":["post-116","page","type-page","status-publish","hentry"],"_links":{"self":[{"href":"https:\/\/enamoradosdelavida.com\/index.php?rest_route=\/wp\/v2\/pages\/116","targetHints":{"allow":["GET"]}}],"collection":[{"href":"https:\/\/enamoradosdelavida.com\/index.php?rest_route=\/wp\/v2\/pages"}],"about":[{"href":"https:\/\/enamoradosdelavida.com\/index.php?rest_route=\/wp\/v2\/types\/page"}],"author":[{"embeddable":true,"href":"https:\/\/enamoradosdelavida.com\/index.php?rest_route=\/wp\/v2\/users\/1"}],"replies":[{"embeddable":true,"href":"https:\/\/enamoradosdelavida.com\/index.php?rest_route=%2Fwp%2Fv2%2Fcomments&post=116"}],"version-history":[{"count":2,"href":"https:\/\/enamoradosdelavida.com\/index.php?rest_route=\/wp\/v2\/pages\/116\/revisions"}],"predecessor-version":[{"id":124,"href":"https:\/\/enamoradosdelavida.com\/index.php?rest_route=\/wp\/v2\/pages\/116\/revisions\/124"}],"wp:attachment":[{"href":"https:\/\/enamoradosdelavida.com\/index.php?rest_route=%2Fwp%2Fv2%2Fmedia&parent=116"}],"curies":[{"name":"wp","href":"https:\/\/api.w.org\/{rel}","templated":true}]}}